{"id":32,"date":"2022-08-25T10:33:07","date_gmt":"2022-08-25T08:33:07","guid":{"rendered":"https:\/\/www.laskoul.com\/index.php\/accueil\/"},"modified":"2023-05-10T18:23:01","modified_gmt":"2023-05-10T16:23:01","slug":"accueil","status":"publish","type":"page","link":"https:\/\/www.laskoul.com\/","title":{"rendered":"Laskoul"},"content":{"rendered":"\n    \n    <section class=\"u-clearfix u-image u-shading u-section-2\" id=\"sec-eca5\" style=\"background-image: linear-gradient(0deg, rgba(0, 0, 0, 0.15), rgba(0, 0, 0, 0.15)), url(&quot;https:\/\/www.laskoul.com\/wp-content\/uploads\/2022\/08\/fcb14a161aa9547b4673c26e4bc92cdd.jpeg&quot;);\">\n      <div class=\"u-clearfix u-sheet u-sheet-1\">\n        <div class=\"u-container-style u-expanded-width-sm u-expanded-width-xs u-group u-opacity u-opacity-15 u-palette-1-base u-group-1\">\n          <div class=\"u-container-layout u-container-layout-1\">\n            <p class=\"u-align-center u-text u-text-1\">10 000km \u00e0 v\u00e9lo en Europe pour sensibiliser la jeunesse \u00e0 l'environnement<br>\n            <\/p>\n            <div class=\"u-border-3 u-border-white u-shape u-shape-bottom u-shape-left u-shape-1\"><\/div>\n            <h1 class=\"u-align-center u-text u-text-body-alt-color u-title u-text-2\">LASKOUL<\/h1>\n            <a href=\"https:\/\/www.laskoul.com\/?page_id=30\" class=\"u-border-1 u-border-palette-1-base u-btn u-button-style u-palette-1-base u-btn-1\">EN SAVOIR PLUS<\/a>\n            <div class=\"u-border-3 u-border-white u-shape u-shape-right u-shape-top u-shape-2\"><\/div>\n            <a href=\"https:\/\/www.laskoul.com\/?page_id=234\" class=\"u-border-1 u-border-palette-1-base u-btn u-button-style u-palette-1-base u-btn-2\">SUIVRE LE PERIPLE<\/a>\n          <\/div>\n        <\/div>\n        <a href=\"https:\/\/www.leetchi.com\/fr\/c\/laskoul\" class=\"u-border-none u-btn u-button-style u-hover-palette-1-dark-1 u-palette-1-base u-btn-3\" data-lang-fr=\"{&quot;content&quot;:&quot;Bouton&quot;,&quot;href&quot;:&quot;https:\/\/nicepage.com\/k\/awards-website-templates&quot;}\" target=\"_blank\">PARTICIPER AU SKOULDON<\/a>\n      <\/div>\n    <\/section>\n    <section class=\"u-align-center u-clearfix u-white u-section-3\" id=\"sec-60fd\">\n      <div class=\"u-clearfix u-sheet u-sheet-1\">\n        <h2 class=\"u-text u-text-body-color u-text-1\">Nos partenaires<\/h2>\n        <div class=\"u-border-2 u-border-palette-1-base u-line u-line-horizontal u-line-1\"><\/div>\n        <p class=\"u-text u-text-body-color u-text-2\">Ceux qui nous aident...<\/p>\n        <div class=\"u-clearfix u-expanded-width u-layout-wrap u-layout-wrap-1\">\n          <div class=\"u-layout\">\n            <div class=\"u-layout-row\">\n              <div class=\"u-align-center u-container-style u-layout-cell u-size-20 u-layout-cell-1\">\n                <div class=\"u-container-layout u-container-layout-1\">\n                  <img decoding=\"async\" class=\"u-image u-image-default u-preserve-proportions u-image-1\" src=\"http:\/\/www.laskoul.com\/wp-content\/uploads\/2022\/09\/LOGO-LIBOURNE.png\" alt=\"\" data-image-width=\"500\" data-image-height=\"500\" data-href=\"https:\/\/www.libourne.fr\/accueil\" data-target=\"_blank\">\n                <\/div>\n              <\/div>\n              <div class=\"u-container-style u-layout-cell u-size-20 u-layout-cell-2\">\n                <div class=\"u-container-layout u-valign-middle u-container-layout-2\">\n                  <img decoding=\"async\" class=\"u-align-center u-image u-image-contain u-image-default u-image-2\" src=\"http:\/\/www.laskoul.com\/wp-content\/uploads\/2022\/09\/logoCALI.png\" alt=\"\" data-image-width=\"700\" data-image-height=\"407\" data-href=\"https:\/\/www.lacali.fr\/\" data-target=\"_blank\">\n                <\/div>\n              <\/div>\n              <div class=\"u-container-style u-layout-cell u-size-20 u-layout-cell-3\">\n                <div class=\"u-container-layout u-container-layout-3\">\n                  <img decoding=\"async\" class=\"u-align-center u-image u-image-contain u-image-default u-image-3\" src=\"http:\/\/www.laskoul.com\/wp-content\/uploads\/2022\/09\/logo-gironde-2018-Q.jpg\" alt=\"\" data-image-width=\"1149\" data-image-height=\"465\" data-href=\"https:\/\/www.gironde.fr\/\" data-target=\"_blank\">\n                <\/div>\n              <\/div>\n            <\/div>\n          <\/div>\n        <\/div>\n        <div class=\"u-align-center u-clearfix u-expanded-width u-layout-wrap u-layout-wrap-2\">\n          <div class=\"u-layout\">\n            <div class=\"u-layout-row\">\n              <div class=\"u-container-style u-layout-cell u-size-20 u-layout-cell-4\">\n                <div class=\"u-container-layout u-container-layout-4\">\n                  <img decoding=\"async\" class=\"u-align-center u-image u-image-contain u-image-default u-preserve-proportions u-image-4\" src=\"http:\/\/www.laskoul.com\/wp-content\/uploads\/2022\/08\/caf-300x300.png\" alt=\"\" data-image-width=\"300\" data-image-height=\"300\" data-href=\"https:\/\/www.caf.fr\/allocataires\/caf-de-la-gironde\" data-target=\"_blank\">\n                <\/div>\n              <\/div>\n              <div class=\"u-container-style u-layout-cell u-size-20 u-layout-cell-5\">\n                <div class=\"u-container-layout u-container-layout-5\">\n                  <img decoding=\"async\" class=\"u-align-center u-image u-image-contain u-image-default u-image-5\" src=\"http:\/\/www.laskoul.com\/wp-content\/uploads\/2022\/09\/1024px-Mutualite_sociale_agricole_logo.svg.png\" alt=\"\" data-image-width=\"1024\" data-image-height=\"476\" data-href=\"https:\/\/gironde.msa.fr\/lfp\" data-target=\"_blank\">\n                <\/div>\n              <\/div>\n              <div class=\"u-container-style u-layout-cell u-size-20 u-layout-cell-6\">\n                <div class=\"u-container-layout u-valign-middle u-container-layout-6\">\n                  <img decoding=\"async\" class=\"u-image u-image-contain u-image-default u-preserve-proportions u-image-6\" src=\"https:\/\/www.laskoul.com\/wp-content\/uploads\/2022\/10\/AssociationJeunsAttitude.png\" alt=\"\" data-image-width=\"187\" data-image-height=\"187\" data-href=\"https:\/\/www.jeunsattitude.com\/\" data-target=\"_blank\">\n                <\/div>\n              <\/div>\n            <\/div>\n          <\/div>\n        <\/div>\n        <div class=\"u-clearfix u-layout-wrap u-layout-wrap-3\">\n          <div class=\"u-layout\">\n            <div class=\"u-layout-row\">\n              <div class=\"u-container-style u-layout-cell u-size-60 u-layout-cell-7\">\n                <div class=\"u-container-layout u-valign-bottom u-container-layout-7\">\n                  <img decoding=\"async\" class=\"u-image u-image-default u-image-7\" src=\"https:\/\/www.laskoul.com\/wp-content\/uploads\/2022\/10\/logo-mll.png\" alt=\"\" data-image-width=\"1315\" data-image-height=\"653\" data-href=\"https:\/\/www.missionlocale-libournais.org\/\" data-target=\"_blank\">\n                <\/div>\n              <\/div>\n            <\/div>\n          <\/div>\n        <\/div>\n      <\/div>\n    <\/section>\n    \n    \n  \n","protected":false},"excerpt":{"rendered":"<p>10 000km \u00e0 v\u00e9lo en Europe pour sensibiliser la jeunesse \u00e0 l&rsquo;environnement LASKOUL EN SAVOIR PLUS SUIVRE LE PERIPLE PARTICIPER AU SKOULDON Nos partenaires Ceux qui nous aident&#8230;<\/p>\n","protected":false},"author":1,"featured_media":0,"parent":0,"menu_order":3,"comment_status":"closed","ping_status":"closed","template":"","meta":{"footnotes":""},"categories":[],"tags":[],"class_list":["post-32","page","type-page","status-publish","hentry"],"_links":{"self":[{"href":"https:\/\/www.laskoul.com\/index.php?rest_route=\/wp\/v2\/pages\/32","targetHints":{"allow":["GET"]}}],"collection":[{"href":"https:\/\/www.laskoul.com\/index.php?rest_route=\/wp\/v2\/pages"}],"about":[{"href":"https:\/\/www.laskoul.com\/index.php?rest_route=\/wp\/v2\/types\/page"}],"author":[{"embeddable":true,"href":"https:\/\/www.laskoul.com\/index.php?rest_route=\/wp\/v2\/users\/1"}],"replies":[{"embeddable":true,"href":"https:\/\/www.laskoul.com\/index.php?rest_route=%2Fwp%2Fv2%2Fcomments&post=32"}],"version-history":[{"count":13,"href":"https:\/\/www.laskoul.com\/index.php?rest_route=\/wp\/v2\/pages\/32\/revisions"}],"predecessor-version":[{"id":286,"href":"https:\/\/www.laskoul.com\/index.php?rest_route=\/wp\/v2\/pages\/32\/revisions\/286"}],"wp:attachment":[{"href":"https:\/\/www.laskoul.com\/index.php?rest_route=%2Fwp%2Fv2%2Fmedia&parent=32"}],"wp:term":[{"taxonomy":"category","embeddable":true,"href":"https:\/\/www.laskoul.com\/index.php?rest_route=%2Fwp%2Fv2%2Fcategories&post=32"},{"taxonomy":"post_tag","embeddable":true,"href":"https:\/\/www.laskoul.com\/index.php?rest_route=%2Fwp%2Fv2%2Ftags&post=32"}],"curies":[{"name":"wp","href":"https:\/\/api.w.org\/{rel}","templated":true}]}}