{"id":79,"date":"2022-08-25T16:03:50","date_gmt":"2022-08-25T14:03:50","guid":{"rendered":"https:\/\/www.laskoul.com\/?page_id=79"},"modified":"2023-03-28T16:03:47","modified_gmt":"2023-03-28T14:03:47","slug":"accueillir-laskoul","status":"publish","type":"page","link":"https:\/\/www.laskoul.com\/?page_id=79","title":{"rendered":"Accueillir Laskoul"},"content":{"rendered":"\n    \n    <section class=\"u-align-center u-clearfix u-section-2\" id=\"sec-e04e\">\n      <div class=\"u-clearfix u-sheet u-valign-middle u-sheet-1\">\n        <div class=\"u-clearfix u-expanded-width u-layout-wrap u-layout-wrap-1\">\n          <div class=\"u-gutter-0 u-layout\">\n            <div class=\"u-layout-row\">\n              <div class=\"u-align-left u-container-style u-layout-cell u-left-cell u-size-30 u-layout-cell-1\">\n                <div class=\"u-container-layout u-container-layout-1\">\n                  <h6 class=\"u-text u-text-grey-50 u-text-1\">POUR NOUS CONTACTER<\/h6>\n                  <p class=\"u-text u-text-grey-50 u-text-2\">N'h\u00e9sitez pas \u00e0 nous contacter pour nous proposer votre aide (h\u00e9bergement lors du p\u00e9riple europ\u00e9en en v\u00e9lo, arr\u00eat dans une \u00e9cole sur le trajet...) ou pour toute autre demande...<\/p>\n                <\/div>\n              <\/div>\n              <div class=\"u-align-left u-container-style u-layout-cell u-right-cell u-size-30 u-layout-cell-2\">\n                <div class=\"u-container-layout u-valign-middle u-container-layout-2\">\n                  <div class=\"u-expanded-width u-form u-form-1\">\n                            <script>\n            function onSuccess(event) {\n                var msgContainer = jQuery(event.currentTarget).find('.wpcf7-response-output');\n                msgContainer.removeClass('u-form-send-error').addClass('u-form-send-message u-form-send-success');\n                msgContainer.show();\n                var redirectAddress = jQuery(event.currentTarget).find('[redirect-address]').attr('redirect-address');\n                if (redirectAddress) {\n                    setTimeout(function () {\n                        location.replace(redirectAddress);\n                    }, 2000);\n                }\n            }\n            function onError(event) {\n                var msgContainer = jQuery(event.currentTarget).find('.wpcf7-response-output');\n                msgContainer.removeClass('u-form-send-success').addClass('u-form-send-message u-form-send-error');\n                msgContainer.show();\n            }\n\n            jQuery('body')\n                .on('wpcf7mailsent',   '.u-form .wpcf7', onSuccess)\n                .on('wpcf7invalid',    '.u-form .wpcf7', onError)\n                .on('wpcf7:unaccepted', '.u-form .wpcf7', onError)\n                .on('wpcf7spam',       '.u-form .wpcf7', onError)\n                .on('wpcf7:aborted',    '.u-form .wpcf7', onError)\n                .on('wpcf7mailfailed', '.u-form .wpcf7', onError);\n        <\/script>\n        <style>\n            .u-form .wpcf7-response-output {\n                \/*position: relative !important;*\/\n                margin: 0 !important;\n                bottom: -70px!important;\n            }\n            .u-form .wpcf7 .ajax-loader {\n                margin-left: -24px;\n                margin-right: 0;\n            }\n        <\/style>\n\n<div class=\"wpcf7 no-js\" id=\"wpcf7-f81-o1\" lang=\"fr-FR\" dir=\"ltr\">\n<div class=\"screen-reader-response\"><p role=\"status\" aria-live=\"polite\" aria-atomic=\"true\"><\/p> <ul><\/ul><\/div>\n<form style=\"padding: 24px;\" action=\"\/index.php?rest_route=%2Fwp%2Fv2%2Fpages%2F79#wpcf7-f81-o1\" method=\"post\" class=\"wpcf7-form init u-clearfix u-form-spacing-24 u-form-vertical u-inner-form u-form-custom-backend\" aria-label=\"Formulaire de contact\" novalidate=\"novalidate\" data-status=\"init\">\n<div style=\"display: none;\">\n<input type=\"hidden\" name=\"_wpcf7\" value=\"81\" \/>\n<input type=\"hidden\" name=\"_wpcf7_version\" value=\"5.7.7\" \/>\n<input type=\"hidden\" name=\"_wpcf7_locale\" value=\"fr_FR\" \/>\n<input type=\"hidden\" name=\"_wpcf7_unit_tag\" value=\"wpcf7-f81-o1\" \/>\n<input type=\"hidden\" name=\"_wpcf7_container_post\" value=\"0\" \/>\n<input type=\"hidden\" name=\"_wpcf7_posted_data_hash\" value=\"\" \/>\n<\/div>\n\n                      <div class=\"u-form-group wpcf7-form-control-wrap u-form-name u-label-none\">\n                        <label for=\"name-3b9a\" class=\"u-label\">Name<\/label>\n                        <input type=\"text\" placeholder=\"Votre nom\" id=\"name-3b9a\" name=\"name1\" class=\"u-border-2 u-border-black u-border-no-left u-border-no-right u-border-no-top u-input wpcf7-form-control u-input-rectangle u-input-1\" required=\"\">\n                      <\/div>\n                      <div class=\"u-form-email u-form-group wpcf7-form-control-wrap u-label-none\">\n                        <label for=\"email-3b9a\" class=\"u-label\">Email<\/label>\n                        <input type=\"email\" placeholder=\"Votre adresse mail\" id=\"email-3b9a\" name=\"email\" class=\"u-border-2 u-border-black u-border-no-left u-border-no-right u-border-no-top u-input wpcf7-form-control u-input-rectangle u-input-2\" required=\"\">\n                      <\/div>\n                      <div class=\"u-form-group wpcf7-form-control-wrap u-form-message u-label-none\">\n                        <label for=\"message-3b9a\" class=\"u-label\">Message<\/label>\n                        <textarea placeholder=\"Votre message\" rows=\"4\" cols=\"50\" id=\"message-3b9a\" name=\"message\" class=\"u-border-2 u-border-black u-border-no-left u-border-no-right u-border-no-top u-input wpcf7-form-control u-input-rectangle u-input-3\" required=\"\"><\/textarea>\n                      <\/div>\n                      <div class=\"u-align-left u-form-group wpcf7-form-control-wrap u-form-submit wpcf7-form-control\">\n                        <a href=\"#\" class=\"u-border-2 u-border-grey-dark-1 u-border-no-left u-border-no-right u-border-no-top u-btn u-btn-rectangle u-btn-submit wpcf7-submit u-button-style u-none u-btn-1\">VALIDER<br>\n                        <\/a>\n                        <input type=\"submit\" value=\"submit\" class=\"u-form-control-hidden\">\n                      <\/div>\n                      <div class=\"u-form-send-message u-form-send-success\"> Thank you! Your message has been sent. <\/div>\n                      <div class=\"u-form-send-error u-form-send-message\"> Unable to send your message. Please fix errors then try again. <\/div>\n                      <input type=\"hidden\" value=\"\" name=\"recaptchaResponse\">\n                    <input type=\"hidden\" name=\"_contact7_backend\" value=\"1\"><p style=\"display: none !important;\"><label>&#916;<textarea name=\"_wpcf7_ak_hp_textarea\" cols=\"45\" rows=\"8\" maxlength=\"100\"><\/textarea><\/label><input type=\"hidden\" id=\"ak_js_1\" name=\"_wpcf7_ak_js\" value=\"198\"\/><script>document.getElementById( \"ak_js_1\" ).setAttribute( \"value\", ( new Date() ).getTime() );<\/script><\/p><div class=\"wpcf7-response-output\" aria-hidden=\"true\"><\/div>\n<\/form>\n<\/div>\n\n                  <\/div>\n                <\/div>\n              <\/div>\n            <\/div>\n          <\/div>\n        <\/div>\n      <\/div>\n    <\/section>\n    \n    \n  \n","protected":false},"excerpt":{"rendered":"<p>POUR NOUS CONTACTER N&rsquo;h\u00e9sitez pas \u00e0 nous contacter pour nous proposer votre aide (h\u00e9bergement lors du p\u00e9riple europ\u00e9en en v\u00e9lo, arr\u00eat dans une \u00e9cole sur le trajet&#8230;) ou pour toute autre demande&#8230; Name Email Message VALIDER Thank you! Your message has been sent. Unable to send your message. Please fix errors then try again. &#916;<\/p>\n","protected":false},"author":1,"featured_media":0,"parent":0,"menu_order":0,"comment_status":"closed","ping_status":"closed","template":"","meta":{"footnotes":""},"categories":[],"tags":[],"class_list":["post-79","page","type-page","status-publish","hentry"],"_links":{"self":[{"href":"https:\/\/www.laskoul.com\/index.php?rest_route=\/wp\/v2\/pages\/79","targetHints":{"allow":["GET"]}}],"collection":[{"href":"https:\/\/www.laskoul.com\/index.php?rest_route=\/wp\/v2\/pages"}],"about":[{"href":"https:\/\/www.laskoul.com\/index.php?rest_route=\/wp\/v2\/types\/page"}],"author":[{"embeddable":true,"href":"https:\/\/www.laskoul.com\/index.php?rest_route=\/wp\/v2\/users\/1"}],"replies":[{"embeddable":true,"href":"https:\/\/www.laskoul.com\/index.php?rest_route=%2Fwp%2Fv2%2Fcomments&post=79"}],"version-history":[{"count":4,"href":"https:\/\/www.laskoul.com\/index.php?rest_route=\/wp\/v2\/pages\/79\/revisions"}],"predecessor-version":[{"id":285,"href":"https:\/\/www.laskoul.com\/index.php?rest_route=\/wp\/v2\/pages\/79\/revisions\/285"}],"wp:attachment":[{"href":"https:\/\/www.laskoul.com\/index.php?rest_route=%2Fwp%2Fv2%2Fmedia&parent=79"}],"wp:term":[{"taxonomy":"category","embeddable":true,"href":"https:\/\/www.laskoul.com\/index.php?rest_route=%2Fwp%2Fv2%2Fcategories&post=79"},{"taxonomy":"post_tag","embeddable":true,"href":"https:\/\/www.laskoul.com\/index.php?rest_route=%2Fwp%2Fv2%2Ftags&post=79"}],"curies":[{"name":"wp","href":"https:\/\/api.w.org\/{rel}","templated":true}]}}